{"id":2216,"date":"2017-01-03T14:25:47","date_gmt":"2017-01-03T14:25:47","guid":{"rendered":"https:\/\/pentesting.heralms.eu\/?page_id=2216"},"modified":"2023-10-14T08:34:50","modified_gmt":"2023-10-14T08:34:50","slug":"les-pupitres","status":"publish","type":"page","link":"https:\/\/pentesting.heralms.eu\/?page_id=2216","title":{"rendered":"Les pupitres"},"content":{"rendered":"<h3>Liste des Choristes par pupitre<\/h3>\n<p><em>Liste alphab\u00e9tique 2023-2024 des M\u00e9n\u00e9triers r\u00e9pertori\u00e9s par voix <\/em><em>sous la direction de Geoffrey Degives<\/em><\/p>\n\n<table id=\"tablepress-6\" class=\"tablepress tablepress-id-6 tablepress-responsive\">\n<thead>\n<tr class=\"row-1\">\n\t<th class=\"column-1\">Sopranes (18)<\/th><th class=\"column-2\">Altis (13)<\/th><th class=\"column-3\">T\u00e9nors (4)<\/th><th class=\"column-4\">Basses (9)<\/th>\n<\/tr>\n<\/thead>\n<tbody class=\"row-striping row-hover\">\n<tr class=\"row-2\">\n\t<td class=\"column-1\">BERTRAND Fran\u00e7oise<\/td><td class=\"column-2\">BASSINNE Martine<\/td><td class=\"column-3\">JACQUES Jean-Pol<\/td><td class=\"column-4\">CLAUS Rapha\u00ebl<\/td>\n<\/tr>\n<tr class=\"row-3\">\n\t<td class=\"column-1\">DELEU H\u00e9l\u00e8ne<\/td><td class=\"column-2\">DE CRAECKER Pascale<\/td><td class=\"column-3\">RENSON Paul<\/td><td class=\"column-4\">DUBOIS Beno\u00eet<\/td>\n<\/tr>\n<tr class=\"row-4\">\n\t<td class=\"column-1\">DU FONTBARE Colette<\/td><td class=\"column-2\">DEPREZ Marie-Fran\u00e7oise<\/td><td class=\"column-3\">REULIAUX Andr\u00e9-Marie<\/td><td class=\"column-4\">FRANCHIMONT Quentin<\/td>\n<\/tr>\n<tr class=\"row-5\">\n\t<td class=\"column-1\">HERMANT Janine<\/td><td class=\"column-2\">DERRIKS Anne<\/td><td class=\"column-3\">LAFFINEUSE Eric<\/td><td class=\"column-4\">FRANSSEN Luc<\/td>\n<\/tr>\n<tr class=\"row-6\">\n\t<td class=\"column-1\">HERTOGHE Martine<\/td><td class=\"column-2\">DE VLEESCHOUWER Catherine<\/td><td class=\"column-3\"><\/td><td class=\"column-4\">GILSOUL Jacques<\/td>\n<\/tr>\n<tr class=\"row-7\">\n\t<td class=\"column-1\">HEUSICOM Katty<\/td><td class=\"column-2\">DUMONT Christiane<\/td><td class=\"column-3\"><\/td><td class=\"column-4\">GILSOUL Xavier<\/td>\n<\/tr>\n<tr class=\"row-8\">\n\t<td class=\"column-1\">LEDENT Christiane<\/td><td class=\"column-2\">GRANDMONT Marie-Louise<\/td><td class=\"column-3\"><\/td><td class=\"column-4\">HENIN Jacques<\/td>\n<\/tr>\n<tr class=\"row-9\">\n\t<td class=\"column-1\">LEGAST Pascale<\/td><td class=\"column-2\">POULIN Jo\u00eblle<\/td><td class=\"column-3\"><\/td><td class=\"column-4\">JADOT Marc<\/td>\n<\/tr>\n<tr class=\"row-10\">\n\t<td class=\"column-1\">LELOUX Chantal<\/td><td class=\"column-2\">SION Marie<\/td><td class=\"column-3\"><\/td><td class=\"column-4\">MASEREEL Philippe<\/td>\n<\/tr>\n<tr class=\"row-11\">\n\t<td class=\"column-1\">LETAWE Marie-Paule<\/td><td class=\"column-2\">STASSE Claire<\/td><td class=\"column-3\"><\/td><td class=\"column-4\"><\/td>\n<\/tr>\n<tr class=\"row-12\">\n\t<td class=\"column-1\">L\u2019HEUREUX Val\u00e9rie<\/td><td class=\"column-2\">VAN UYTVANCK Brigitte<\/td><td class=\"column-3\"><\/td><td class=\"column-4\"><\/td>\n<\/tr>\n<tr class=\"row-13\">\n\t<td class=\"column-1\">MEYER Muriel<\/td><td class=\"column-2\">WILLEMS Carine<\/td><td class=\"column-3\"><\/td><td class=\"column-4\"><\/td>\n<\/tr>\n<tr class=\"row-14\">\n\t<td class=\"column-1\">PAREE Marie<\/td><td class=\"column-2\">WILLEMS Sabine<\/td><td class=\"column-3\"><\/td><td class=\"column-4\"><\/td>\n<\/tr>\n<tr class=\"row-15\">\n\t<td class=\"column-1\">PIRAPREZ Elo\u00efse<\/td><td class=\"column-2\"><\/td><td class=\"column-3\"><\/td><td class=\"column-4\"><\/td>\n<\/tr>\n<tr class=\"row-16\">\n\t<td class=\"column-1\">RENSON Anne-Sophie<\/td><td class=\"column-2\"><\/td><td class=\"column-3\"><\/td><td class=\"column-4\"><\/td>\n<\/tr>\n<tr class=\"row-17\">\n\t<td class=\"column-1\">STIENON V\u00e9ronique<\/td><td class=\"column-2\"><\/td><td class=\"column-3\"><\/td><td class=\"column-4\"><\/td>\n<\/tr>\n<tr class=\"row-18\">\n\t<td class=\"column-1\">STOFFE Monique<\/td><td class=\"column-2\"><\/td><td class=\"column-3\"><\/td><td class=\"column-4\"><\/td>\n<\/tr>\n<tr class=\"row-19\">\n\t<td class=\"column-1\">VERMEULEN Marie-Astrid<\/td><td class=\"column-2\"><\/td><td class=\"column-3\"><\/td><td class=\"column-4\"><\/td>\n<\/tr>\n<tr class=\"row-20\">\n\t<td class=\"column-1\"><\/td><td class=\"column-2\"><\/td><td class=\"column-3\"><\/td><td class=\"column-4\"><\/td>\n<\/tr>\n<tr class=\"row-21\">\n\t<td class=\"column-1\"><\/td><td class=\"column-2\"><\/td><td class=\"column-3\"><\/td><td class=\"column-4\"><\/td>\n<\/tr>\n<tr class=\"row-22\">\n\t<td class=\"column-1\"><\/td><td class=\"column-2\"><\/td><td class=\"column-3\"><\/td><td class=\"column-4\"><\/td>\n<\/tr>\n<tr class=\"row-23\">\n\t<td class=\"column-1\"><\/td><td class=\"column-2\"><\/td><td class=\"column-3\"><\/td><td class=\"column-4\"><\/td>\n<\/tr>\n<tr class=\"row-24\">\n\t<td class=\"column-1\"><\/td><td class=\"column-2\"><\/td><td class=\"column-3\"><\/td><td class=\"column-4\"><\/td>\n<\/tr>\n<tr class=\"row-25\">\n\t<td class=\"column-1\"><\/td><td class=\"column-2\"><\/td><td class=\"column-3\"><\/td><td class=\"column-4\"><\/td>\n<\/tr>\n<tr class=\"row-26\">\n\t<td class=\"column-1\"><\/td><td class=\"column-2\"><\/td><td class=\"column-3\"><\/td><td class=\"column-4\"><\/td>\n<\/tr>\n<\/tbody>\n<\/table>\n<!-- #tablepress-6 from cache -->\n","protected":false},"excerpt":{"rendered":"<p>Liste des Choristes par pupitre Liste alphab\u00e9tique 2023-2024 des M\u00e9n\u00e9triers r\u00e9pertori\u00e9s par voix sous la direction de Geoffrey Degives<\/p>\n","protected":false},"author":3,"featured_media":0,"parent":0,"menu_order":0,"comment_status":"closed","ping_status":"closed","template":"","meta":{"footnotes":""},"class_list":["post-2216","page","type-page","status-publish","hentry"],"_links":{"self":[{"href":"https:\/\/pentesting.heralms.eu\/index.php?rest_route=\/wp\/v2\/pages\/2216","targetHints":{"allow":["GET"]}}],"collection":[{"href":"https:\/\/pentesting.heralms.eu\/index.php?rest_route=\/wp\/v2\/pages"}],"about":[{"href":"https:\/\/pentesting.heralms.eu\/index.php?rest_route=\/wp\/v2\/types\/page"}],"author":[{"embeddable":true,"href":"https:\/\/pentesting.heralms.eu\/index.php?rest_route=\/wp\/v2\/users\/3"}],"replies":[{"embeddable":true,"href":"https:\/\/pentesting.heralms.eu\/index.php?rest_route=%2Fwp%2Fv2%2Fcomments&post=2216"}],"version-history":[{"count":5,"href":"https:\/\/pentesting.heralms.eu\/index.php?rest_route=\/wp\/v2\/pages\/2216\/revisions"}],"predecessor-version":[{"id":4553,"href":"https:\/\/pentesting.heralms.eu\/index.php?rest_route=\/wp\/v2\/pages\/2216\/revisions\/4553"}],"wp:attachment":[{"href":"https:\/\/pentesting.heralms.eu\/index.php?rest_route=%2Fwp%2Fv2%2Fmedia&parent=2216"}],"curies":[{"name":"wp","href":"https:\/\/api.w.org\/{rel}","templated":true}]}}